{"id":2,"date":"2023-06-04T16:55:44","date_gmt":"2023-06-04T16:55:44","guid":{"rendered":"http:\/\/atgalimokykla.lt\/?page_id=2"},"modified":"2024-10-15T13:22:07","modified_gmt":"2024-10-15T13:22:07","slug":"apie","status":"publish","type":"page","link":"https:\/\/atgalimokykla.lt\/index.php\/apie\/","title":{"rendered":"Apie"},"content":{"rendered":"<p>\u0160ioje svetain\u0117je parduodamas Povilo \u0160kl\u0117riaus romanas <em><strong>Pa\u017ead\u0117k mane gra\u017eiai palaidot<\/strong><\/em> ir autoriaus kuriama tinklalaid\u0117 <em><strong>Atgal \u012f mokykl\u0105<\/strong><\/em>, kurioje \u012fgarsintos mokytoj\u0173, su \u0161vietimu susijusi\u0173 darbuotoj\u0173 istorijos.<\/p><p>Turite klausim\u0173? Ra\u0161ykite: p.sklerius@gmail.com <\/p><p>Projekt\u0105 finansuoja &nbsp;<img decoding=\"async\" src=\"https:\/\/www.ltkt.lt\/userfiles\/LTK_Logotipas(1).png\" alt=\"\" style=\"width: 200px;\"><\/p><p>Veikl\u0105 vykdo: Povilas \u0160kl\u0117rius<\/p><p>Tel. nr.: +37061124559<\/p><p>El. p.: p.sklerius@gmail.com<\/p><p>Individualios veiklos vykdymo pa\u017eymos nr.: 724198<\/p>","protected":false},"excerpt":{"rendered":"<p>\u0160ioje svetain\u0117je parduodamas Povilo \u0160kl\u0117riaus romanas Pa\u017ead\u0117k mane gra\u017eiai palaidot ir autoriaus kuriama tinklalaid\u0117 Atgal \u012f mokykl\u0105, kurioje \u012fgarsintos mokytoj\u0173, su \u0161vietimu susijusi\u0173 darbuotoj\u0173 istorijos. Turite klausim\u0173? Ra\u0161ykite: p.sklerius@gmail.com Projekt\u0105 finansuoja &nbsp; Veikl\u0105 vykdo: Povilas \u0160kl\u0117rius Tel. nr.: +37061124559 El. p.: p.sklerius@gmail.com Individualios veiklos vykdymo pa\u017eymos nr.: 724198<\/p>\n","protected":false},"author":1,"featured_media":0,"parent":0,"menu_order":0,"comment_status":"closed","ping_status":"closed","template":"","meta":{"footnotes":""},"class_list":["post-2","page","type-page","status-publish","hentry"],"_links":{"self":[{"href":"https:\/\/atgalimokykla.lt\/index.php\/wp-json\/wp\/v2\/pages\/2","targetHints":{"allow":["GET"]}}],"collection":[{"href":"https:\/\/atgalimokykla.lt\/index.php\/wp-json\/wp\/v2\/pages"}],"about":[{"href":"https:\/\/atgalimokykla.lt\/index.php\/wp-json\/wp\/v2\/types\/page"}],"author":[{"embeddable":true,"href":"https:\/\/atgalimokykla.lt\/index.php\/wp-json\/wp\/v2\/users\/1"}],"replies":[{"embeddable":true,"href":"https:\/\/atgalimokykla.lt\/index.php\/wp-json\/wp\/v2\/comments?post=2"}],"version-history":[{"count":7,"href":"https:\/\/atgalimokykla.lt\/index.php\/wp-json\/wp\/v2\/pages\/2\/revisions"}],"predecessor-version":[{"id":150,"href":"https:\/\/atgalimokykla.lt\/index.php\/wp-json\/wp\/v2\/pages\/2\/revisions\/150"}],"wp:attachment":[{"href":"https:\/\/atgalimokykla.lt\/index.php\/wp-json\/wp\/v2\/media?parent=2"}],"curies":[{"name":"wp","href":"https:\/\/api.w.org\/{rel}","templated":true}]}}